{"id":12118,"date":"2024-02-26T19:45:08","date_gmt":"2024-02-26T18:45:08","guid":{"rendered":"https:\/\/veteranshandbolfcb.cat\/ca\/?page_id=12118"},"modified":"2024-03-12T11:36:06","modified_gmt":"2024-03-12T10:36:06","slug":"reglamento-de-la-seccion-deportiva-de-la-asociacion-de-veteranos-de-balonmano-del-futbol-club-barcelona","status":"publish","type":"page","link":"https:\/\/veteranshandbolfcb.cat\/ca\/reglamento-de-la-seccion-deportiva-de-la-asociacion-de-veteranos-de-balonmano-del-futbol-club-barcelona\/","title":{"rendered":"Reglamento de la secci\u00f3n deportiva de la asociaci\u00f3n de veteranos de balonmano del F\u00fatbol Club Barcelona"},"content":{"rendered":"\t\t<div data-elementor-type=\"wp-page\" data-elementor-id=\"12118\" class=\"elementor elementor-12118\" data-elementor-post-type=\"page\">\n\t\t\t\t<div class=\"elementor-element elementor-element-2f3415f e-flex e-con-boxed e-con e-parent\" data-id=\"2f3415f\" data-element_type=\"container\" data-e-type=\"container\">\n\t\t\t\t\t<div class=\"e-con-inner\">\n\t\t\t\t<div class=\"elementor-element elementor-element-63a7266 elementor-widget elementor-widget-text-editor\" data-id=\"63a7266\" data-element_type=\"widget\" data-e-type=\"widget\" data-widget_type=\"text-editor.default\">\n\t\t\t\t<div class=\"elementor-widget-container\">\n\t\t\t\t\t\t\t\t\t<h5>Articulo 1<\/h5><p>La Asociaci\u00f3n de Veteranos de Balonmano del F\u00fatbol Club Barcelona (Adelante AVHFCB), ha creado, de acuerdo con uno de sus objetivos sociales, la Secci\u00f3n Deportiva de esta entidad, con objeto de fomentar y practicar la actividad deportiva.<\/p><p>La Secci\u00f3n facilitar\u00e1 a sus miembros la pr\u00e1ctica del Balonmano.<\/p><p>En el supuesto de que se incorpore la pr\u00e1ctica de otras modalidades o disciplinas deportivas se comunicar\u00e1 al Registro de entidades deportivas de la Generalitat de Catalunya<\/p><h5>Art\u00edculo 2<\/h5><p>El domicilio de la Secci\u00f3n Deportiva se establece en la localidad de Barcelona, Calle de Ar\u00edstides Maillol s\/n, c\u00f3digo postal 08028, con la direcci\u00f3n de correo electr\u00f3nico <a href=\"mailto:associacio@veteranshandbolfcb.cat\">associacio@veteranshandbolfcb.cat<\/a><\/p><p>En caso de modificaci\u00f3n de este domicilio se comunicar\u00e1 en el Registro de entidades deportivas de la Generalitat de Catalunya.<\/p><h5>Art\u00edculo 3<\/h5><p>Son miembros de esta Secci\u00f3n deportiva aquellas personas f\u00edsicas que, habiendo solicitado la admisi\u00f3n, hayan sido aceptadas por el \u00f3rgano de administraci\u00f3n de esta Secci\u00f3n.<\/p><p>Las personas miembros de esta Secci\u00f3n tienen los siguientes derechos y obligaciones:<\/p><p style=\"padding-left: 40px;\">1. Derechos<\/p><p style=\"padding-left: 80px;\">a. Participar y disfrutar de las actividades deportivas organizadas por la Secci\u00f3n.<\/p><p style=\"padding-left: 80px;\">b. Hacer uso de las instalaciones que se encuentren al alcance de la Secci\u00f3n, seg\u00fan las normas internas establecidas al efecto.<\/p><p style=\"padding-left: 80px;\">c. Expresar libremente sus opiniones y sugerencias en el \u00e1mbito de la Secci\u00f3n.<\/p><p style=\"padding-left: 40px;\">2. Obligaciones<\/p><p style=\"padding-left: 80px;\">a. Ajustar su actuaci\u00f3n en las normas internas de la Secci\u00f3n y en las normas generales y reglamentarias de la conducta deportiva<\/p><p style=\"padding-left: 80px;\">b. Realizar el pago de las cuotas establecidas o que se puedan establecer.<\/p><p style=\"padding-left: 80px;\">c. Mantener la colaboraci\u00f3n necesaria en inter\u00e9s del buen funcionamiento de la Secci\u00f3n.<\/p><p style=\"padding-left: 80px;\">d. Que el participante sea apto para la pr\u00e1ctica del deporte y est\u00e9 inscrito en el seguro de la Asociaci\u00f3n.<\/p><p>La p\u00e9rdida de la condici\u00f3n de miembro de la Secci\u00f3n se producir\u00e1 por las siguientes causas:<\/p><p style=\"padding-left: 40px;\">a. Por voluntad propia comunicada formalmente al \u00f3rgano de administraci\u00f3n de esta Secci\u00f3n<\/p><p style=\"padding-left: 40px;\">b. Por acuerdo del \u00f3rgano de administraci\u00f3n motivado por el incumplimiento de alguna de las obligaciones establecidas, previa audiencia a la persona interesada, a efectos de que esta pueda llevar a cabo las alegaciones que considere oportunas.<\/p><h5>Art\u00edculo 4<\/h5><p>El \u00f3rgano de administraci\u00f3n de esta Secci\u00f3n est\u00e1 compuesto por un n\u00famero de personas entre 1 y 3, que son nombradas por el \u00f3rgano de gobierno de la entidad.<\/p><p>Su mandato ser\u00e1, como m\u00e1ximo, de 4 a\u00f1os y ser\u00e1 renovable por acuerdo del \u00f3rgano de gobierno de la entidad.<\/p><p>En cualquier caso, la finalizaci\u00f3n del mandato coincidir\u00e1, con la finalizaci\u00f3n del mandato del \u00f3rgano de gobierno de la entidad.<\/p><p>Cuando se celebren elecciones al \u00f3rgano de gobierno de la entidad, este \u00f3rgano tiene el derecho de nombrar a un nuevo administrador de la Secci\u00f3n.<\/p><p>Las funciones del \u00f3rgano de administraci\u00f3n de esta Secci\u00f3n son las propias que se deriven de este Reglamento, m\u00e1s todas aquellas que le sean conferidas por acuerdo del \u00f3rgano de gobierno de la entidad.<\/p><h5>Art\u00edculo 5<\/h5><p>Este reglamento puede ser modificado por acuerdo del \u00f3rgano de gobierno de la entidad que adopt\u00f3 el acuerdo de creaci\u00f3n de la secci\u00f3n. En caso de modificaci\u00f3n se comunicar\u00e1 al Registro de entidades deportivas de la Generalidad de Catalu\u00f1a.<\/p><h5>Art\u00edculo 6<\/h5><p>La disoluci\u00f3n de esta secci\u00f3n deportiva se producir\u00e1 por acuerdo del \u00f3rgano de gobierno de la entidad que adopt\u00f3 el acuerdo de creaci\u00f3n. Producida esta circunstancia, debe comunicarse al Registro de entidades deportivas de la Generalitat de Catalunya.<\/p>\t\t\t\t\t\t\t\t<\/div>\n\t\t\t\t<\/div>\n\t\t\t\t\t<\/div>\n\t\t\t\t<\/div>\n\t\t\t\t<\/div>\n\t\t","protected":false},"excerpt":{"rendered":"<p>Articulo 1 La Asociaci\u00f3n de Veteranos de Balonmano del F\u00fatbol Club Barcelona (Adelante AVHFCB), ha creado, de acuerdo con uno de sus objetivos sociales, la Secci\u00f3n Deportiva de esta entidad, con objeto de fomentar y practicar la actividad deportiva. La Secci\u00f3n facilitar\u00e1 a sus miembros la pr\u00e1ctica del Balonmano. En el supuesto de que se [&hellip;]<\/p>\n","protected":false},"author":5,"featured_media":10652,"parent":0,"menu_order":0,"comment_status":"closed","ping_status":"closed","template":"","meta":{"footnotes":""},"class_list":["post-12118","page","type-page","status-publish","has-post-thumbnail","hentry","odd"],"_links":{"self":[{"href":"https:\/\/veteranshandbolfcb.cat\/ca\/wp-json\/wp\/v2\/pages\/12118","targetHints":{"allow":["GET"]}}],"collection":[{"href":"https:\/\/veteranshandbolfcb.cat\/ca\/wp-json\/wp\/v2\/pages"}],"about":[{"href":"https:\/\/veteranshandbolfcb.cat\/ca\/wp-json\/wp\/v2\/types\/page"}],"author":[{"embeddable":true,"href":"https:\/\/veteranshandbolfcb.cat\/ca\/wp-json\/wp\/v2\/users\/5"}],"replies":[{"embeddable":true,"href":"https:\/\/veteranshandbolfcb.cat\/ca\/wp-json\/wp\/v2\/comments?post=12118"}],"version-history":[{"count":32,"href":"https:\/\/veteranshandbolfcb.cat\/ca\/wp-json\/wp\/v2\/pages\/12118\/revisions"}],"predecessor-version":[{"id":12195,"href":"https:\/\/veteranshandbolfcb.cat\/ca\/wp-json\/wp\/v2\/pages\/12118\/revisions\/12195"}],"wp:featuredmedia":[{"embeddable":true,"href":"https:\/\/veteranshandbolfcb.cat\/ca\/wp-json\/wp\/v2\/media\/10652"}],"wp:attachment":[{"href":"https:\/\/veteranshandbolfcb.cat\/ca\/wp-json\/wp\/v2\/media?parent=12118"}],"curies":[{"name":"wp","href":"https:\/\/api.w.org\/{rel}","templated":true}]}}